{"id":987968,"date":"2026-02-16T22:47:22","date_gmt":"2026-02-16T22:47:22","guid":{"rendered":"https:\/\/avocatelannouni.com\/?page_id=987968"},"modified":"2026-02-19T10:59:48","modified_gmt":"2026-02-19T10:59:48","slug":"droit-civil","status":"publish","type":"page","link":"https:\/\/avocatelannouni.com\/ar\/droit-civil\/","title":{"rendered":"\u0627\u0644\u0642\u0627\u0646\u0648\u0646 \u0627\u0644\u0645\u062f\u0646\u064a"},"content":{"rendered":"<div data-elementor-type=\"wp-page\" data-elementor-id=\"987968\" class=\"elementor elementor-987968\">\n\t\t\t\t\t\t<section class=\"elementor-section elementor-top-section elementor-element elementor-element-644976a elementor-section-full_width elementor-section-height-default elementor-section-height-default\" data-id=\"644976a\" data-element_type=\"section\" data-e-type=\"section\" data-settings=\"{&quot;background_background&quot;:&quot;classic&quot;}\">\n\t\t\t\t\t\t<div class=\"elementor-container elementor-column-gap-no\">\n\t\t\t\t\t<div class=\"elementor-column elementor-col-100 elementor-top-column elementor-element elementor-element-2941b24\" data-id=\"2941b24\" data-element_type=\"column\" data-e-type=\"column\">\n\t\t\t<div class=\"elementor-widget-wrap elementor-element-populated\">\n\t\t\t\t\t\t<div class=\"elementor-element elementor-element-f0a1860 elementor-widget elementor-widget-heading\" data-id=\"f0a1860\" data-element_type=\"widget\" data-e-type=\"widget\" data-widget_type=\"heading.default\">\n\t\t\t\t<div class=\"elementor-widget-container\">\n\t\t\t\t\t<h2 class=\"elementor-heading-title elementor-size-default\">\u0627\u0644\u0642\u0627\u0646\u0648\u0646 \u0627\u0644\u0645\u062f\u0646\u064a\n<\/h2>\t\t\t\t<\/div>\n\t\t\t\t<\/div>\n\t\t\t\t\t<\/div>\n\t\t<\/div>\n\t\t\t\t\t<\/div>\n\t\t<\/section>\n\t\t\t\t<section class=\"elementor-section elementor-top-section elementor-element elementor-element-f2a0f1d elementor-section-full_width elementor-section-height-default elementor-section-height-default\" data-id=\"f2a0f1d\" data-element_type=\"section\" data-e-type=\"section\">\n\t\t\t\t\t\t<div class=\"elementor-container elementor-column-gap-no\">\n\t\t\t\t\t<div class=\"elementor-column elementor-col-100 elementor-top-column elementor-element elementor-element-1a20ba8\" data-id=\"1a20ba8\" data-element_type=\"column\" data-e-type=\"column\">\n\t\t\t<div class=\"elementor-widget-wrap elementor-element-populated\">\n\t\t\t\t\t\t<section class=\"elementor-section elementor-inner-section elementor-element elementor-element-a69696a elementor-section-boxed elementor-section-height-default elementor-section-height-default\" data-id=\"a69696a\" data-element_type=\"section\" data-e-type=\"section\">\n\t\t\t\t\t\t<div class=\"elementor-container elementor-column-gap-default\">\n\t\t\t\t\t<div class=\"elementor-column elementor-col-50 elementor-inner-column elementor-element elementor-element-f323bcf\" data-id=\"f323bcf\" data-element_type=\"column\" data-e-type=\"column\">\n\t\t\t<div class=\"elementor-widget-wrap elementor-element-populated\">\n\t\t\t\t\t\t<div class=\"elementor-element elementor-element-457c615 elementor-widget elementor-widget-heading\" data-id=\"457c615\" data-element_type=\"widget\" data-e-type=\"widget\" data-widget_type=\"heading.default\">\n\t\t\t\t<div class=\"elementor-widget-container\">\n\t\t\t\t\t<h2 class=\"elementor-heading-title elementor-size-default\">\u0645\u062d\u0627\u0645\u064d \u0645\u062f\u0646\u064a \u0641\u064a \u0627\u0644\u0631\u0628\u0627\u0637<\/h2>\t\t\t\t<\/div>\n\t\t\t\t<\/div>\n\t\t\t\t<div class=\"elementor-element elementor-element-ba83fc4 elementor-widget elementor-widget-text-editor\" data-id=\"ba83fc4\" data-element_type=\"widget\" data-e-type=\"widget\" data-widget_type=\"text-editor.default\">\n\t\t\t\t<div class=\"elementor-widget-container\">\n\t\t\t\t\t\t\t\t\t<p data-start=\"508\" data-end=\"695\">\u064a\u0645\u0627\u0631\u0633 \u0645\u0643\u062a\u0628 \u0627\u0644\u0645\u062d\u0627\u0645\u064a \u0639\u0628\u062f \u0627\u0644\u0644\u0647 \u0627\u0644\u0639\u0646\u0648\u0646\u064a\u060c \u0648\u0647\u0648 \u0645\u062d\u0627\u0645\u064d \u0641\u064a \u0646\u0642\u0627\u0628\u0629 \u0627\u0644\u0645\u062d\u0627\u0645\u064a\u0646 \u0628\u0627\u0644\u0631\u0628\u0627\u0637\u060c \u0627\u0644\u0642\u0627\u0646\u0648\u0646 \u0627\u0644\u0645\u062f\u0646\u064a \u0648\u064a\u0633\u0627\u0639\u062f \u0645\u0648\u0643\u0644\u064a\u0647 \u0641\u064a \u0625\u062f\u0627\u0631\u0629 \u0648\u062d\u0644 \u0627\u0644\u0646\u0632\u0627\u0639\u0627\u062a \u0627\u0644\u0645\u062f\u0646\u064a\u0629 \u0641\u064a \u0627\u0644\u0645\u063a\u0631\u0628.<\/p><p data-start=\"697\" data-end=\"893\">\u0628\u0641\u0636\u0644 \u0627\u0644\u0646\u0647\u062c \u0627\u0644\u0642\u0627\u0646\u0648\u0646\u064a \u0627\u0644\u0635\u0627\u0631\u0645 \u0648\u0627\u0644\u0634\u062e\u0635\u064a\u060c \u062a\u0636\u0639 \u0627\u0644\u0634\u0631\u0643\u0629 \u062d\u0644\u0648\u0644\u0627\u064b \u0645\u0635\u0645\u0645\u0629 \u062e\u0635\u064a\u0635\u0627\u064b \u0644\u062d\u0645\u0627\u064a\u0629 \u062d\u0642\u0648\u0642\u0643 \u0648\u0627\u0644\u062f\u0641\u0627\u0639 \u0639\u0646 \u0645\u0635\u0627\u0644\u062d\u0643 \u0623\u0645\u0627\u0645 \u0627\u0644\u0645\u062d\u0627\u0643\u0645 \u0627\u0644\u0645\u062e\u062a\u0635\u0629.<\/p>\t\t\t\t\t\t\t\t<\/div>\n\t\t\t\t<\/div>\n\t\t\t\t\t<\/div>\n\t\t<\/div>\n\t\t\t\t<div class=\"elementor-column elementor-col-50 elementor-inner-column elementor-element elementor-element-3b1eb3b\" data-id=\"3b1eb3b\" data-element_type=\"column\" data-e-type=\"column\">\n\t\t\t<div class=\"elementor-widget-wrap elementor-element-populated\">\n\t\t\t\t\t\t<div class=\"elementor-element elementor-element-fde9194 elementor-widget elementor-widget-image\" data-id=\"fde9194\" data-element_type=\"widget\" data-e-type=\"widget\" data-widget_type=\"image.default\">\n\t\t\t\t<div class=\"elementor-widget-container\">\n\t\t\t\t\t\t\t\t\t\t\t\t\t\t\t<img fetchpriority=\"high\" decoding=\"async\" width=\"530\" height=\"530\" src=\"https:\/\/avocatelannouni.com\/wp-content\/uploads\/2026\/02\/ff7e52-9-1.png\" class=\"attachment-full size-full wp-image-987971\" alt=\"\" srcset=\"https:\/\/avocatelannouni.com\/wp-content\/uploads\/2026\/02\/ff7e52-9-1.png 530w, https:\/\/avocatelannouni.com\/wp-content\/uploads\/2026\/02\/ff7e52-9-1-80x80.png 80w, https:\/\/avocatelannouni.com\/wp-content\/uploads\/2026\/02\/ff7e52-9-1-150x150.png 150w\" sizes=\"(max-width: 530px) 100vw, 530px\" \/>\t\t\t\t\t\t\t\t\t\t\t\t\t\t\t<\/div>\n\t\t\t\t<\/div>\n\t\t\t\t\t<\/div>\n\t\t<\/div>\n\t\t\t\t\t<\/div>\n\t\t<\/section>\n\t\t\t\t\t<\/div>\n\t\t<\/div>\n\t\t\t\t\t<\/div>\n\t\t<\/section>\n\t\t\t\t<section class=\"elementor-section elementor-top-section elementor-element elementor-element-c97ab0f elementor-section-full_width elementor-section-height-default elementor-section-height-default\" data-id=\"c97ab0f\" data-element_type=\"section\" data-e-type=\"section\">\n\t\t\t\t\t\t<div class=\"elementor-container elementor-column-gap-no\">\n\t\t\t\t\t<div class=\"elementor-column elementor-col-100 elementor-top-column elementor-element elementor-element-5bce1c2\" data-id=\"5bce1c2\" data-element_type=\"column\" data-e-type=\"column\">\n\t\t\t<div class=\"elementor-widget-wrap elementor-element-populated\">\n\t\t\t\t\t\t<section class=\"elementor-section elementor-inner-section elementor-element elementor-element-ed2b80a elementor-section-boxed elementor-section-height-default elementor-section-height-default\" data-id=\"ed2b80a\" data-element_type=\"section\" data-e-type=\"section\">\n\t\t\t\t\t\t<div class=\"elementor-container elementor-column-gap-default\">\n\t\t\t\t\t<div class=\"elementor-column elementor-col-50 elementor-inner-column elementor-element elementor-element-039b913\" data-id=\"039b913\" data-element_type=\"column\" data-e-type=\"column\">\n\t\t\t<div class=\"elementor-widget-wrap elementor-element-populated\">\n\t\t\t\t\t\t<div class=\"elementor-element elementor-element-e634337 elementor-widget elementor-widget-image\" data-id=\"e634337\" data-element_type=\"widget\" data-e-type=\"widget\" data-widget_type=\"image.default\">\n\t\t\t\t<div class=\"elementor-widget-container\">\n\t\t\t\t\t\t\t\t\t\t\t\t\t\t\t<img decoding=\"async\" width=\"530\" height=\"530\" src=\"https:\/\/avocatelannouni.com\/wp-content\/uploads\/2026\/02\/ff7e52-10-1.png\" class=\"attachment-full size-full wp-image-987972\" alt=\"\" srcset=\"https:\/\/avocatelannouni.com\/wp-content\/uploads\/2026\/02\/ff7e52-10-1.png 530w, https:\/\/avocatelannouni.com\/wp-content\/uploads\/2026\/02\/ff7e52-10-1-80x80.png 80w, https:\/\/avocatelannouni.com\/wp-content\/uploads\/2026\/02\/ff7e52-10-1-150x150.png 150w\" sizes=\"(max-width: 530px) 100vw, 530px\" \/>\t\t\t\t\t\t\t\t\t\t\t\t\t\t\t<\/div>\n\t\t\t\t<\/div>\n\t\t\t\t\t<\/div>\n\t\t<\/div>\n\t\t\t\t<div class=\"elementor-column elementor-col-50 elementor-inner-column elementor-element elementor-element-287542a\" data-id=\"287542a\" data-element_type=\"column\" data-e-type=\"column\">\n\t\t\t<div class=\"elementor-widget-wrap elementor-element-populated\">\n\t\t\t\t\t\t<div class=\"elementor-element elementor-element-c413168 elementor-widget elementor-widget-heading\" data-id=\"c413168\" data-element_type=\"widget\" data-e-type=\"widget\" data-widget_type=\"heading.default\">\n\t\t\t\t<div class=\"elementor-widget-container\">\n\t\t\t\t\t<h2 class=\"elementor-heading-title elementor-size-default\">\u0645\u062c\u0627\u0644\u0627\u062a \u0627\u0644\u062a\u062f\u062e\u0644 \u0641\u064a \u0627\u0644\u0642\u0627\u0646\u0648\u0646 \u0627\u0644\u0645\u062f\u0646\u064a<\/h2>\t\t\t\t<\/div>\n\t\t\t\t<\/div>\n\t\t\t\t<div class=\"elementor-element elementor-element-5ee6b18 elementor-widget elementor-widget-text-editor\" data-id=\"5ee6b18\" data-element_type=\"widget\" data-e-type=\"widget\" data-widget_type=\"text-editor.default\">\n\t\t\t\t<div class=\"elementor-widget-container\">\n\t\t\t\t\t\t\t\t\t<p data-start=\"945\" data-end=\"985\">\u062a\u0634\u0645\u0644 \u0623\u0646\u0634\u0637\u0629 \u0627\u0644\u0645\u0643\u062a\u0628 \u0639\u0644\u0649 \u0648\u062c\u0647 \u0627\u0644\u062e\u0635\u0648\u0635 \u0645\u0627 \u064a\u0644\u064a:<\/p><ul data-start=\"986\" data-end=\"1165\"><li data-start=\"986\" data-end=\"1014\"><p data-start=\"988\" data-end=\"1014\">\u0627\u0644\u0646\u0632\u0627\u0639\u0627\u062a \u0627\u0644\u062a\u0639\u0627\u0642\u062f\u064a\u0629<\/p><\/li><li data-start=\"1015\" data-end=\"1043\"><p data-start=\"1017\" data-end=\"1043\">\u0627\u0644\u0645\u0633\u0624\u0648\u0644\u064a\u0629 \u0627\u0644\u0645\u062f\u0646\u064a\u0629<\/p><\/li><li data-start=\"1044\" data-end=\"1079\"><p data-start=\"1046\" data-end=\"1079\">\u0627\u0644\u0635\u0631\u0627\u0639\u0627\u062a \u0628\u064a\u0646 \u0627\u0644\u0623\u0641\u0631\u0627\u062f<\/p><\/li><li data-start=\"1080\" data-end=\"1112\"><p data-start=\"1082\" data-end=\"1112\">\u0645\u0637\u0627\u0644\u0628\u0627\u062a \u0627\u0644\u062a\u0639\u0648\u064a\u0636<\/p><\/li><li data-start=\"1113\" data-end=\"1165\"><p data-start=\"1115\" data-end=\"1165\">\u0627\u0644\u0646\u0632\u0627\u0639\u0627\u062a \u0627\u0644\u0645\u062a\u0639\u0644\u0642\u0629 \u0628\u0627\u0644\u0627\u0644\u062a\u0632\u0627\u0645\u0627\u062a \u0627\u0644\u0645\u062f\u0646\u064a\u0629<\/p><\/li><\/ul><p data-start=\"1167\" data-end=\"1296\">\u064a\u062a\u0645 \u062a\u062d\u0644\u064a\u0644 \u0643\u0644 \u062d\u0627\u0644\u0629 \u0628\u062f\u0642\u0629 \u0645\u0646 \u0623\u062c\u0644 \u0627\u0642\u062a\u0631\u0627\u062d \u0627\u0633\u062a\u0631\u0627\u062a\u064a\u062c\u064a\u0629 \u0642\u0627\u0646\u0648\u0646\u064a\u0629 \u0641\u0639\u0627\u0644\u0629 \u062a\u062a\u0648\u0627\u0641\u0642 \u0645\u0639 \u0627\u0644\u0623\u062d\u0643\u0627\u0645 \u0627\u0644\u0642\u0627\u0646\u0648\u0646\u064a\u0629.<\/p>\t\t\t\t\t\t\t\t<\/div>\n\t\t\t\t<\/div>\n\t\t\t\t\t<\/div>\n\t\t<\/div>\n\t\t\t\t\t<\/div>\n\t\t<\/section>\n\t\t\t\t\t<\/div>\n\t\t<\/div>\n\t\t\t\t\t<\/div>\n\t\t<\/section>\n\t\t\t\t<section class=\"elementor-section elementor-top-section elementor-element elementor-element-015a15c elementor-section-full_width elementor-section-height-default elementor-section-height-default\" data-id=\"015a15c\" data-element_type=\"section\" data-e-type=\"section\" data-settings=\"{&quot;background_background&quot;:&quot;classic&quot;}\">\n\t\t\t\t\t\t<div class=\"elementor-container elementor-column-gap-no\">\n\t\t\t\t\t<div class=\"elementor-column elementor-col-100 elementor-top-column elementor-element elementor-element-fcbca29\" data-id=\"fcbca29\" data-element_type=\"column\" data-e-type=\"column\">\n\t\t\t<div class=\"elementor-widget-wrap elementor-element-populated\">\n\t\t\t\t\t\t<section class=\"elementor-section elementor-inner-section elementor-element elementor-element-cca88ef elementor-section-boxed elementor-section-height-default elementor-section-height-default\" data-id=\"cca88ef\" data-element_type=\"section\" data-e-type=\"section\">\n\t\t\t\t\t\t<div class=\"elementor-container elementor-column-gap-default\">\n\t\t\t\t\t<div class=\"elementor-column elementor-col-50 elementor-inner-column elementor-element elementor-element-ca82e70\" data-id=\"ca82e70\" data-element_type=\"column\" data-e-type=\"column\">\n\t\t\t<div class=\"elementor-widget-wrap elementor-element-populated\">\n\t\t\t\t\t\t<div class=\"elementor-element elementor-element-70025f2 elementor-widget elementor-widget-text-editor\" data-id=\"70025f2\" data-element_type=\"widget\" data-e-type=\"widget\" data-widget_type=\"text-editor.default\">\n\t\t\t\t<div class=\"elementor-widget-container\">\n\t\t\t\t\t\t\t\t\t<h2 data-start=\"1303\" data-end=\"1337\">\u062a\u0633\u0648\u064a\u0629 \u0627\u0644\u0645\u0646\u0627\u0632\u0639\u0627\u062a \u0627\u0644\u0645\u062f\u0646\u064a\u0629<\/h2><p data-start=\"1339\" data-end=\"1398\">\u062a\u064f\u0641\u0636\u0651\u0644 \u0627\u0644\u0634\u0631\u0643\u0629 \u0627\u062a\u0628\u0627\u0639 \u0646\u0647\u062c \u0627\u0633\u062a\u0631\u0627\u062a\u064a\u062c\u064a \u064a\u0647\u062f\u0641 \u0625\u0644\u0649:<\/p><ul data-start=\"1399\" data-end=\"1569\"><li data-start=\"1399\" data-end=\"1459\"><p data-start=\"1401\" data-end=\"1459\">\u0627\u0628\u062d\u062b \u0639\u0646 \u062d\u0644\u0648\u0644 \u0648\u062f\u064a\u0629 \u0643\u0644\u0645\u0627 \u0623\u0645\u0643\u0646 \u0630\u0644\u0643<\/p><\/li><li data-start=\"1460\" data-end=\"1520\"><p data-start=\"1462\" data-end=\"1520\">\u0636\u0645\u0627\u0646 \u0627\u0644\u062a\u0645\u062b\u064a\u0644 \u0627\u0644\u0641\u0639\u0627\u0644 \u0641\u064a \u0627\u0644\u0645\u062d\u0643\u0645\u0629<\/p><\/li><li data-start=\"1521\" data-end=\"1569\"><p data-start=\"1523\" data-end=\"1569\">\u0636\u0645\u0627\u0646 \u0627\u0644\u062d\u0645\u0627\u064a\u0629 \u0627\u0644\u062f\u0627\u0626\u0645\u0629 \u0644\u062d\u0642\u0648\u0642\u0643<\/p><\/li><\/ul>\t\t\t\t\t\t\t\t<\/div>\n\t\t\t\t<\/div>\n\t\t\t\t\t<\/div>\n\t\t<\/div>\n\t\t\t\t<div class=\"elementor-column elementor-col-50 elementor-inner-column elementor-element elementor-element-94b8d8a\" data-id=\"94b8d8a\" data-element_type=\"column\" data-e-type=\"column\">\n\t\t\t<div class=\"elementor-widget-wrap elementor-element-populated\">\n\t\t\t\t\t\t<div class=\"elementor-element elementor-element-889ed14 elementor-widget elementor-widget-image\" data-id=\"889ed14\" data-element_type=\"widget\" data-e-type=\"widget\" data-widget_type=\"image.default\">\n\t\t\t\t<div class=\"elementor-widget-container\">\n\t\t\t\t\t\t\t\t\t\t\t\t\t\t\t<img decoding=\"async\" width=\"530\" height=\"530\" src=\"https:\/\/avocatelannouni.com\/wp-content\/uploads\/2026\/02\/ff7e52-11-1.png\" class=\"attachment-large size-large wp-image-987973\" alt=\"\" srcset=\"https:\/\/avocatelannouni.com\/wp-content\/uploads\/2026\/02\/ff7e52-11-1.png 530w, https:\/\/avocatelannouni.com\/wp-content\/uploads\/2026\/02\/ff7e52-11-1-80x80.png 80w, https:\/\/avocatelannouni.com\/wp-content\/uploads\/2026\/02\/ff7e52-11-1-150x150.png 150w\" sizes=\"(max-width: 530px) 100vw, 530px\" \/>\t\t\t\t\t\t\t\t\t\t\t\t\t\t\t<\/div>\n\t\t\t\t<\/div>\n\t\t\t\t\t<\/div>\n\t\t<\/div>\n\t\t\t\t\t<\/div>\n\t\t<\/section>\n\t\t\t\t\t<\/div>\n\t\t<\/div>\n\t\t\t\t\t<\/div>\n\t\t<\/section>\n\t\t\t\t<section class=\"elementor-section elementor-top-section elementor-element elementor-element-cce8a94 elementor-section-full_width elementor-section-height-default elementor-section-height-default\" data-id=\"cce8a94\" data-element_type=\"section\" data-e-type=\"section\">\n\t\t\t\t\t\t<div class=\"elementor-container elementor-column-gap-no\">\n\t\t\t\t\t<div class=\"elementor-column elementor-col-100 elementor-top-column elementor-element elementor-element-4a2abb5\" data-id=\"4a2abb5\" data-element_type=\"column\" data-e-type=\"column\">\n\t\t\t<div class=\"elementor-widget-wrap elementor-element-populated\">\n\t\t\t\t\t\t<div class=\"elementor-element elementor-element-5e8b15a elementor-widget elementor-widget-heading\" data-id=\"5e8b15a\" data-element_type=\"widget\" data-e-type=\"widget\" data-widget_type=\"heading.default\">\n\t\t\t\t<div class=\"elementor-widget-container\">\n\t\t\t\t\t<h2 class=\"elementor-heading-title elementor-size-default\">\u0644\u0645\u0627\u0630\u0627 \u062a\u062e\u062a\u0627\u0631 \u0647\u0630\u0627 \u0627\u0644\u0645\u0643\u062a\u0628 \u0627\u0644\u0645\u062a\u062e\u0635\u0635 \u0641\u064a \u0627\u0644\u0642\u0627\u0646\u0648\u0646 \u0627\u0644\u0645\u062f\u0646\u064a\u061f<\/h2>\t\t\t\t<\/div>\n\t\t\t\t<\/div>\n\t\t\t\t<div class=\"elementor-element elementor-element-92b7365 elementor-widget elementor-widget-text-editor\" data-id=\"92b7365\" data-element_type=\"widget\" data-e-type=\"widget\" data-widget_type=\"text-editor.default\">\n\t\t\t\t<div class=\"elementor-widget-container\">\n\t\t\t\t\t\t\t\t\t<p data-start=\"1629\" data-end=\"1663\">\u2714\ufe0f \u062a\u062d\u0644\u064a\u0644 \u0642\u0627\u0646\u0648\u0646\u064a \u0645\u0639\u0645\u0642<\/p><p data-start=\"1666\" data-end=\"1708\">\u2714\ufe0f \u062d\u0644\u0648\u0644 \u0645\u0635\u0645\u0645\u0629 \u062e\u0635\u064a\u0635\u064b\u0627 \u0644\u0643\u0644 \u062d\u0627\u0644\u0629<\/p><p data-start=\"1711\" data-end=\"1758\">\u2714\ufe0f \u0627\u0644\u0627\u0644\u062a\u0632\u0627\u0645 \u0648\u0627\u0644\u0646\u0632\u0627\u0647\u0629 \u0648\u0627\u0644\u0645\u0647\u0646\u064a\u0629<\/p><p data-start=\"1761\" data-end=\"1800\">\u2714\ufe0f \u062f\u0641\u0627\u0639 \u0642\u0648\u064a \u0639\u0646 \u0645\u0635\u0627\u0644\u062d\u0643\u0645<\/p>\t\t\t\t\t\t\t\t<\/div>\n\t\t\t\t<\/div>\n\t\t\t\t\t<\/div>\n\t\t<\/div>\n\t\t\t\t\t<\/div>\n\t\t<\/section>\n\t\t\t\t<\/div>\n\t\t\n    <div class=\"xs_social_share_widget xs_share_url after_content \t\tmain_content  wslu-style-1 wslu-share-box-shaped wslu-fill-colored wslu-none wslu-share-horizontal wslu-theme-font-no wslu-main_content\">\n\n\t\t\n        <ul>\n\t\t\t        <\/ul>\n    <\/div>","protected":false},"excerpt":{"rendered":"Droit civil Avocat en droit civil \u00e0 Rabat Le cabinet de Ma\u00eetre Abdellah El Announi, avocat au Barreau de Rabat, intervient en droit civil et accompagne ses clients dans la gestion et la r\u00e9solution des litiges civils au Maroc. Gr\u00e2ce \u00e0 une approche juridique rigoureuse et personnalis\u00e9e, le cabinet met en place des solutions adapt\u00e9es","protected":false},"author":1,"featured_media":0,"parent":0,"menu_order":0,"comment_status":"closed","ping_status":"closed","template":"elementor_header_footer","meta":{"postBodyCss":"","postBodyMargin":[],"postBodyPadding":[],"postBodyBackground":{"backgroundType":"classic","gradient":""},"footnotes":""},"class_list":["post-987968","page","type-page","status-publish","hentry"],"_links":{"self":[{"href":"https:\/\/avocatelannouni.com\/ar\/wp-json\/wp\/v2\/pages\/987968","targetHints":{"allow":["GET"]}}],"collection":[{"href":"https:\/\/avocatelannouni.com\/ar\/wp-json\/wp\/v2\/pages"}],"about":[{"href":"https:\/\/avocatelannouni.com\/ar\/wp-json\/wp\/v2\/types\/page"}],"author":[{"embeddable":true,"href":"https:\/\/avocatelannouni.com\/ar\/wp-json\/wp\/v2\/users\/1"}],"replies":[{"embeddable":true,"href":"https:\/\/avocatelannouni.com\/ar\/wp-json\/wp\/v2\/comments?post=987968"}],"version-history":[{"count":7,"href":"https:\/\/avocatelannouni.com\/ar\/wp-json\/wp\/v2\/pages\/987968\/revisions"}],"predecessor-version":[{"id":988252,"href":"https:\/\/avocatelannouni.com\/ar\/wp-json\/wp\/v2\/pages\/987968\/revisions\/988252"}],"wp:attachment":[{"href":"https:\/\/avocatelannouni.com\/ar\/wp-json\/wp\/v2\/media?parent=987968"}],"curies":[{"name":"wp","href":"https:\/\/api.w.org\/{rel}","templated":true}]}}