{"id":801,"date":"2021-09-13T07:08:47","date_gmt":"2021-09-13T07:08:47","guid":{"rendered":"https:\/\/wpocean.com\/wp\/canun\/?page_id=801"},"modified":"2026-02-17T12:08:41","modified_gmt":"2026-02-17T12:08:41","slug":"domaine-de-pratique","status":"publish","type":"page","link":"https:\/\/avocatelannouni.com\/ar\/domaine-de-pratique\/","title":{"rendered":"\u0645\u062c\u0627\u0644\u0627\u062a \u0627\u0644\u0627\u062e\u062a\u0635\u0627\u0635"},"content":{"rendered":"<div data-elementor-type=\"wp-page\" data-elementor-id=\"801\" class=\"elementor elementor-801\">\n\t\t\t\t\t\t<section class=\"elementor-section elementor-top-section elementor-element elementor-element-d629867 elementor-section-full_width elementor-section-height-default elementor-section-height-default\" data-id=\"d629867\" data-element_type=\"section\" data-e-type=\"section\" data-settings=\"{&quot;background_background&quot;:&quot;classic&quot;}\">\n\t\t\t\t\t\t<div class=\"elementor-container elementor-column-gap-no\">\n\t\t\t\t\t<div class=\"elementor-column elementor-col-100 elementor-top-column elementor-element elementor-element-6d76be2\" data-id=\"6d76be2\" data-element_type=\"column\" data-e-type=\"column\">\n\t\t\t<div class=\"elementor-widget-wrap elementor-element-populated\">\n\t\t\t\t\t\t<div class=\"elementor-element elementor-element-a73d1a1 elementor-widget elementor-widget-heading\" data-id=\"a73d1a1\" data-element_type=\"widget\" data-e-type=\"widget\" data-widget_type=\"heading.default\">\n\t\t\t\t<div class=\"elementor-widget-container\">\n\t\t\t\t\t<h2 class=\"elementor-heading-title elementor-size-default\">\u062e\u062f\u0645\u0627\u062a\u0646\u0627 \u0627\u0644\u0642\u0627\u0646\u0648\u0646\u064a\u0629<\/h2>\t\t\t\t<\/div>\n\t\t\t\t<\/div>\n\t\t\t\t<div class=\"elementor-element elementor-element-c48c812 elementor-widget elementor-widget-text-editor\" data-id=\"c48c812\" data-element_type=\"widget\" data-e-type=\"widget\" data-widget_type=\"text-editor.default\">\n\t\t\t\t<div class=\"elementor-widget-container\">\n\t\t\t\t\t\t\t\t\t<p data-start=\"209\" data-end=\"315\">\u064a\u0636\u0639 \u0645\u0643\u062a\u0628 \u0627\u0644\u0623\u0633\u062a\u0627\u0630 \u0639\u0628\u062f \u0627\u0644\u0644\u0647 \u0627\u0644\u0639\u0646\u0648\u0646\u064a \u062e\u0628\u0631\u062a\u0647 \u0627\u0644\u0642\u0627\u0646\u0648\u0646\u064a\u0629 \u0631\u0647\u0646 \u0625\u0634\u0627\u0631\u0629 \u0627\u0644\u0623\u0641\u0631\u0627\u062f \u0648\u0627\u0644\u0634\u0631\u0643\u0627\u062a\u060c \u0628\u0645\u0627 \u064a\u0636\u0645\u0646 \u0645\u0648\u0627\u0643\u0628\u0629 \u0641\u0639\u0627\u0644\u0629 \u0648\u062e\u062f\u0645\u0627\u062a \u0645\u0647\u0646\u064a\u0629 \u0639\u0627\u0644\u064a\u0629 \u0627\u0644\u062c\u0648\u062f\u0629.<\/p>\t\t\t\t\t\t\t\t<\/div>\n\t\t\t\t<\/div>\n\t\t\t\t\t<\/div>\n\t\t<\/div>\n\t\t\t\t\t<\/div>\n\t\t<\/section>\n\t\t\t\t<section class=\"elementor-section elementor-top-section elementor-element elementor-element-f11ad3f elementor-section-full_width elementor-section-height-default elementor-section-height-default\" data-id=\"f11ad3f\" data-element_type=\"section\" data-e-type=\"section\">\n\t\t\t\t\t\t<div class=\"elementor-container elementor-column-gap-no\">\n\t\t\t\t\t<div class=\"elementor-column elementor-col-100 elementor-top-column elementor-element elementor-element-e05162f\" data-id=\"e05162f\" data-element_type=\"column\" data-e-type=\"column\">\n\t\t\t<div class=\"elementor-widget-wrap elementor-element-populated\">\n\t\t\t\t\t\t<div class=\"elementor-element elementor-element-7f65aed elementor-widget elementor-widget-wpo-canun_title\" data-id=\"7f65aed\" data-element_type=\"widget\" data-e-type=\"widget\" data-widget_type=\"wpo-canun_title.default\">\n\t\t\t\t<div class=\"elementor-widget-container\">\n\t\t\t\t\t\t\t<div class=\"wpo-section-area\">\n\t\t\t<div class=\"container\">\n\t\t\t\t<div class=\"row align-items-center\">\n\t\t\t\t\t<div class=\"col-lg-5\">\n\t\t\t\t\t\t<div class=\"wpo-section-title\">\n\t\t\t\t\t\t\t<h2>\u062e\u062f\u0645\u0627\u062a\u0646\u0627 \u0627\u0644\u0642\u0627\u0646\u0648\u0646\u064a\u0629<\/h2>\t\t\t\t\t\t<\/div>\n\t\t\t\t\t<\/div>\n\t\t\t\t\t<div class=\"col-lg-5 offset-lg-2\">\n\t\t\t\t\t\t<div class=\"wpo-section-title\">\n\t\t\t\t\t\t\t<p>\u0643\u0641\u0627\u0621\u0629 \u0639\u0627\u0644\u064a\u0629 \u0648\u0627\u0644\u062a\u0632\u0627\u0645 \u0645\u0647\u0646\u064a \u0631\u0627\u0633\u062e \u0641\u064a \u0633\u0628\u064a\u0644 \u062d\u0645\u0627\u064a\u0629 \u062d\u0642\u0648\u0642\u0643\u0645 \u0648\u0635\u0648\u0646 \u0645\u0635\u0627\u0644\u062d\u0643\u0645.<\/p>\t\t\t\t\t\t<\/div>\n\t\t\t\t\t<\/div>\n\t\t\t\t<\/div>\n\t\t\t<\/div>\n\t\t<\/div>\n\t\t\t\t<\/div>\n\t\t\t\t<\/div>\n\t\t\t\t<div class=\"elementor-element elementor-element-9c68d00 elementor-widget elementor-widget-wpo-canun_feature\" data-id=\"9c68d00\" data-element_type=\"widget\" data-e-type=\"widget\" data-widget_type=\"wpo-canun_feature.default\">\n\t\t\t\t<div class=\"elementor-widget-container\">\n\t\t\t\t\t\t\t<div class=\"wpo-features-section-s2\">\n\t\t\t<div class=\"container\">\n\t\t\t\t<div class=\"wpo-features-wrapper\">\n\t\t\t\t\t<div class=\"row\">\n\t\t\t\t\t\t\t\t\t\t\t\t\t\t<div class=\"col-lg-4 col-md-6 col-12\">\n\t\t\t\t\t\t\t\t\t<div class=\"wpo-features-item\">\n\t\t\t\t\t\t\t\t\t\t<div class=\"wpo-features-icon\">\n\t\t\t\t\t\t\t\t\t\t\t<div class=\"icon\">\n\t\t\t\t\t\t\t\t\t\t\t\t<i class=\"fi flaticon-badge\"><\/i>\t\t\t\t\t\t\t\t\t\t\t<\/div>\n\t\t\t\t\t\t\t\t\t\t<\/div>\n\t\t\t\t\t\t\t\t\t\t<div class=\"wpo-features-text\">\n\t\t\t\t\t\t\t\t\t\t\t<h2><a href=\"https:\/\/avocatelannouni.com\/ar\/droit-de-la-famille\/\" class=\"more\">\u0642\u0627\u0646\u0648\u0646 \u0627\u0644\u0623\u0633\u0631\u0629<\/a><\/h2><p>\u0646\u0642\u062f\u0645 \u0627\u0644\u0645\u0648\u0627\u0643\u0628\u0629 \u0627\u0644\u0642\u0627\u0646\u0648\u0646\u064a\u0629 \u0641\u064a \u0642\u0636\u0627\u064a\u0627 \u0627\u0644\u0637\u0644\u0627\u0642\u060c \u0627\u0644\u0646\u0641\u0642\u0629\u060c \u062d\u0636\u0627\u0646\u0629 \u0627\u0644\u0623\u0637\u0641\u0627\u0644\u060c \u0627\u0644\u0632\u0648\u0627\u062c \u0627\u0644\u0645\u062e\u062a\u0644\u0637\u060c \u0648\u0643\u0627\u0641\u0629 \u0627\u0644\u0645\u0646\u0627\u0632\u0639\u0627\u062a \u0627\u0644\u0645\u0631\u062a\u0628\u0637\u0629 \u0628\u0627\u0644\u0623\u062d\u0648\u0627\u0644 \u0627\u0644\u0623\u0633\u0631\u064a\u0629.<\/p>\t\t\t\t\t\t\t\t\t\t<\/div>\n\t\t\t\t\t\t\t\t\t\t<div class=\"visible-icon\">\n\t\t\t\t\t\t\t\t\t\t\t<i class=\"fi flaticon-badge\"><\/i>\t\t\t\t\t\t\t\t\t\t<\/div>\n\t\t\t\t\t\t\t\t\t<\/div>\n\t\t\t\t\t\t\t\t<\/div>\n\t\t\t\t\t\t\t\t\t\t\t\t\t\t<div class=\"col-lg-4 col-md-6 col-12\">\n\t\t\t\t\t\t\t\t\t<div class=\"wpo-features-item\">\n\t\t\t\t\t\t\t\t\t\t<div class=\"wpo-features-icon\">\n\t\t\t\t\t\t\t\t\t\t\t<div class=\"icon\">\n\t\t\t\t\t\t\t\t\t\t\t\t<i class=\"fi flaticon-diary\"><\/i>\t\t\t\t\t\t\t\t\t\t\t<\/div>\n\t\t\t\t\t\t\t\t\t\t<\/div>\n\t\t\t\t\t\t\t\t\t\t<div class=\"wpo-features-text\">\n\t\t\t\t\t\t\t\t\t\t\t<h2><a href=\"https:\/\/avocatelannouni.com\/ar\/consultations-juridiques\/\" class=\"more\">\u0627\u0644\u0627\u0633\u062a\u0634\u0627\u0631\u0627\u062a \u0627\u0644\u0642\u0627\u0646\u0648\u0646\u064a\u0629<\/a><\/h2><p>\u0646\u0642\u062f\u0645 \u0622\u0631\u0627\u0621\u064b \u0642\u0627\u0646\u0648\u0646\u064a\u0629 \u062f\u0642\u064a\u0642\u0629 \u0648\u0645\u0647\u0646\u064a\u0629 \u0641\u064a \u0634\u062a\u0649 \u0627\u0644\u0645\u062c\u0627\u0644\u0627\u062a \u0627\u0644\u0642\u0627\u0646\u0648\u0646\u064a\u0629\u060c \u0648\u0641\u0642 \u062a\u062d\u0644\u064a\u0644 \u0645\u0639\u0645\u0642 \u0648\u0645\u0639\u0627\u064a\u064a\u0631 \u0645\u0647\u0646\u064a\u0629 \u0639\u0627\u0644\u064a\u0629.<\/p>\t\t\t\t\t\t\t\t\t\t<\/div>\n\t\t\t\t\t\t\t\t\t\t<div class=\"visible-icon\">\n\t\t\t\t\t\t\t\t\t\t\t<i class=\"fi flaticon-diary\"><\/i>\t\t\t\t\t\t\t\t\t\t<\/div>\n\t\t\t\t\t\t\t\t\t<\/div>\n\t\t\t\t\t\t\t\t<\/div>\n\t\t\t\t\t\t\t\t\t\t\t\t\t\t<div class=\"col-lg-4 col-md-6 col-12\">\n\t\t\t\t\t\t\t\t\t<div class=\"wpo-features-item\">\n\t\t\t\t\t\t\t\t\t\t<div class=\"wpo-features-icon\">\n\t\t\t\t\t\t\t\t\t\t\t<div class=\"icon\">\n\t\t\t\t\t\t\t\t\t\t\t\t<i class=\"fi flaticon-support\"><\/i>\t\t\t\t\t\t\t\t\t\t\t<\/div>\n\t\t\t\t\t\t\t\t\t\t<\/div>\n\t\t\t\t\t\t\t\t\t\t<div class=\"wpo-features-text\">\n\t\t\t\t\t\t\t\t\t\t\t<h2><a href=\"https:\/\/avocatelannouni.com\/ar\/droit-administratif\/\" class=\"more\">\u0627\u0644\u0642\u0627\u0646\u0648\u0646 \u0627\u0644\u0625\u062f\u0627\u0631\u064a<\/a><\/h2><p>\u0646\u0642\u062f\u0645 \u0627\u0644\u0645\u0648\u0627\u0643\u0628\u0629 \u0627\u0644\u0642\u0627\u0646\u0648\u0646\u064a\u0629 \u0641\u064a \u0627\u0644\u0645\u0646\u0627\u0632\u0639\u0627\u062a \u0627\u0644\u0625\u062f\u0627\u0631\u064a\u0629\u060c \u0648\u062a\u062f\u0628\u064a\u0631 \u0627\u0644\u0635\u0641\u0642\u0627\u062a \u0627\u0644\u0639\u0645\u0648\u0645\u064a\u0629\u060c \u0648\u0645\u0648\u0627\u0643\u0628\u0629 \u0627\u0644\u0634\u0631\u0643\u0627\u062a \u0641\u064a \u0639\u0644\u0627\u0642\u062a\u0647\u0627 \u0628\u0627\u0644\u0625\u062f\u0627\u0631\u0629.<\/p>\t\t\t\t\t\t\t\t\t\t<\/div>\n\t\t\t\t\t\t\t\t\t\t<div class=\"visible-icon\">\n\t\t\t\t\t\t\t\t\t\t\t<i class=\"fi flaticon-support\"><\/i>\t\t\t\t\t\t\t\t\t\t<\/div>\n\t\t\t\t\t\t\t\t\t<\/div>\n\t\t\t\t\t\t\t\t<\/div>\n\t\t\t\t\t\t\t\t\t\t\t<\/div>\n\t\t\t\t<\/div>\n\t\t\t<\/div>\n\t\t<\/div>\n\t\t\t\t<\/div>\n\t\t\t\t<\/div>\n\t\t\t\t<div class=\"elementor-element elementor-element-fa6341b elementor-widget elementor-widget-wpo-canun_feature\" data-id=\"fa6341b\" data-element_type=\"widget\" data-e-type=\"widget\" data-widget_type=\"wpo-canun_feature.default\">\n\t\t\t\t<div class=\"elementor-widget-container\">\n\t\t\t\t\t\t\t<div class=\"wpo-features-section-s2\">\n\t\t\t<div class=\"container\">\n\t\t\t\t<div class=\"wpo-features-wrapper\">\n\t\t\t\t\t<div class=\"row\">\n\t\t\t\t\t\t\t\t\t\t\t\t\t\t<div class=\"col-lg-4 col-md-6 col-12\">\n\t\t\t\t\t\t\t\t\t<div class=\"wpo-features-item\">\n\t\t\t\t\t\t\t\t\t\t<div class=\"wpo-features-icon\">\n\t\t\t\t\t\t\t\t\t\t\t<div class=\"icon\">\n\t\t\t\t\t\t\t\t\t\t\t\t<i class=\"fi flaticon-badge\"><\/i>\t\t\t\t\t\t\t\t\t\t\t<\/div>\n\t\t\t\t\t\t\t\t\t\t<\/div>\n\t\t\t\t\t\t\t\t\t\t<div class=\"wpo-features-text\">\n\t\t\t\t\t\t\t\t\t\t\t<h2><a href=\"https:\/\/avocatelannouni.com\/ar\/droit-penal\/\" class=\"more\">\u0627\u0644\u0642\u0627\u0646\u0648\u0646 \u0627\u0644\u062c\u0646\u0627\u0626\u064a<\/a><\/h2><p>\u0646\u0624\u0645\u0646 \u0627\u0644\u0645\u0633\u0627\u0639\u062f\u0629 \u0627\u0644\u0642\u0627\u0646\u0648\u0646\u064a\u0629 \u0648\u0627\u0644\u062a\u0645\u062b\u064a\u0644 \u0648\u0627\u0644\u062f\u0641\u0627\u0639 \u0623\u0645\u0627\u0645 \u0627\u0644\u0645\u062d\u0627\u0643\u0645 \u0641\u064a \u062c\u0645\u064a\u0639 \u0627\u0644\u0642\u0636\u0627\u064a\u0627 \u0627\u0644\u062c\u0646\u0627\u0626\u064a\u0629\u060c \u0628\u0645\u062e\u062a\u0644\u0641 \u062f\u0631\u062c\u0627\u062a\u0647\u0627 \u0648\u0623\u0646\u0648\u0627\u0639\u0647\u0627.<\/p>\t\t\t\t\t\t\t\t\t\t<\/div>\n\t\t\t\t\t\t\t\t\t\t<div class=\"visible-icon\">\n\t\t\t\t\t\t\t\t\t\t\t<i class=\"fi flaticon-badge\"><\/i>\t\t\t\t\t\t\t\t\t\t<\/div>\n\t\t\t\t\t\t\t\t\t<\/div>\n\t\t\t\t\t\t\t\t<\/div>\n\t\t\t\t\t\t\t\t\t\t\t\t\t\t<div class=\"col-lg-4 col-md-6 col-12\">\n\t\t\t\t\t\t\t\t\t<div class=\"wpo-features-item\">\n\t\t\t\t\t\t\t\t\t\t<div class=\"wpo-features-icon\">\n\t\t\t\t\t\t\t\t\t\t\t<div class=\"icon\">\n\t\t\t\t\t\t\t\t\t\t\t\t<i class=\"fi flaticon-diary\"><\/i>\t\t\t\t\t\t\t\t\t\t\t<\/div>\n\t\t\t\t\t\t\t\t\t\t<\/div>\n\t\t\t\t\t\t\t\t\t\t<div class=\"wpo-features-text\">\n\t\t\t\t\t\t\t\t\t\t\t<h2><a href=\"https:\/\/avocatelannouni.com\/ar\/droit-civil\/\" class=\"more\">\u0627\u0644\u0642\u0627\u0646\u0648\u0646 \u0627\u0644\u0645\u062f\u0646\u064a<\/a><\/h2><p>\u0646\u0648\u0641\u0631 \u062d\u0644\u0648\u0644\u0627\u064b \u0642\u0627\u0646\u0648\u0646\u064a\u0629 \u062f\u0642\u064a\u0642\u0629 \u0648\u0645\u062a\u062e\u0635\u0635\u0629 \u0641\u064a \u0627\u0644\u0642\u0627\u0646\u0648\u0646 \u0627\u0644\u0645\u062f\u0646\u064a\u060c \u0628\u0647\u062f\u0641 \u062d\u0645\u0627\u064a\u0629 \u062d\u0642\u0648\u0642\u0643\u0645 \u0648\u062a\u0633\u0648\u064a\u0629 \u0627\u0644\u0646\u0632\u0627\u0639\u0627\u062a \u0628\u0643\u0641\u0627\u0621\u0629 \u0648\u0645\u0647\u0646\u064a\u0629.<\/p>\t\t\t\t\t\t\t\t\t\t<\/div>\n\t\t\t\t\t\t\t\t\t\t<div class=\"visible-icon\">\n\t\t\t\t\t\t\t\t\t\t\t<i class=\"fi flaticon-diary\"><\/i>\t\t\t\t\t\t\t\t\t\t<\/div>\n\t\t\t\t\t\t\t\t\t<\/div>\n\t\t\t\t\t\t\t\t<\/div>\n\t\t\t\t\t\t\t\t\t\t\t\t\t\t<div class=\"col-lg-4 col-md-6 col-12\">\n\t\t\t\t\t\t\t\t\t<div class=\"wpo-features-item\">\n\t\t\t\t\t\t\t\t\t\t<div class=\"wpo-features-icon\">\n\t\t\t\t\t\t\t\t\t\t\t<div class=\"icon\">\n\t\t\t\t\t\t\t\t\t\t\t\t<i class=\"fi flaticon-support\"><\/i>\t\t\t\t\t\t\t\t\t\t\t<\/div>\n\t\t\t\t\t\t\t\t\t\t<\/div>\n\t\t\t\t\t\t\t\t\t\t<div class=\"wpo-features-text\">\n\t\t\t\t\t\t\t\t\t\t\t<h2><a href=\"https:\/\/avocatelannouni.com\/ar\/droit-immobilier\/\" class=\"more\">\u0627\u0644\u0642\u0627\u0646\u0648\u0646 \u0627\u0644\u0639\u0642\u0627\u0631\u064a<\/a><\/h2><p>\u0646\u0624\u0645\u0646 \u062a\u062f\u0628\u064a\u0631 \u0627\u0644\u0645\u0646\u0627\u0632\u0639\u0627\u062a \u0627\u0644\u0639\u0642\u0627\u0631\u064a\u0629\u060c \u0648\u0627\u0644\u0645\u0648\u0627\u0643\u0628\u0629 \u0627\u0644\u0642\u0627\u0646\u0648\u0646\u064a\u0629 \u0641\u064a \u0639\u0645\u0644\u064a\u0627\u062a \u0627\u0644\u0628\u064a\u0639 \u0648\u0627\u0644\u0634\u0631\u0627\u0621\u060c \u0648\u0635\u064a\u0627\u063a\u0629 \u0648\u0645\u0631\u0627\u062c\u0639\u0629 \u0627\u0644\u0639\u0642\u0648\u062f\u060c \u0645\u0639 \u0636\u0645\u0627\u0646 \u0633\u0644\u0627\u0645\u0629 \u0627\u0644\u0625\u062c\u0631\u0627\u0621\u0627\u062a \u0648\u062d\u0645\u0627\u064a\u0629 \u0627\u0644\u062d\u0642\u0648\u0642.<\/p>\t\t\t\t\t\t\t\t\t\t<\/div>\n\t\t\t\t\t\t\t\t\t\t<div class=\"visible-icon\">\n\t\t\t\t\t\t\t\t\t\t\t<i class=\"fi flaticon-support\"><\/i>\t\t\t\t\t\t\t\t\t\t<\/div>\n\t\t\t\t\t\t\t\t\t<\/div>\n\t\t\t\t\t\t\t\t<\/div>\n\t\t\t\t\t\t\t\t\t\t\t<\/div>\n\t\t\t\t<\/div>\n\t\t\t<\/div>\n\t\t<\/div>\n\t\t\t\t<\/div>\n\t\t\t\t<\/div>\n\t\t\t\t\t<\/div>\n\t\t<\/div>\n\t\t\t\t\t<\/div>\n\t\t<\/section>\n\t\t\t\t<\/div>\n\t\t\n    <div class=\"xs_social_share_widget xs_share_url after_content \t\tmain_content  wslu-style-1 wslu-share-box-shaped wslu-fill-colored wslu-none wslu-share-horizontal wslu-theme-font-no wslu-main_content\">\n\n\t\t\n        <ul>\n\t\t\t        <\/ul>\n    <\/div>","protected":false},"excerpt":{"rendered":"Nos services juridiques Le cabinet de Ma\u00eetre Abdellah El Announi met son expertise au service des particuliers et des entreprises. Nos services juridiques Comp\u00e9tence et engagement professionnel au service de la protection de vos droits et de vos int\u00e9r\u00eats. Droit de la famille Accompagnement en mati\u00e8re de divorce, pension alimentaire, garde des enfants, mariage mixte&#8230;","protected":false},"author":1,"featured_media":0,"parent":0,"menu_order":0,"comment_status":"closed","ping_status":"closed","template":"elementor_header_footer","meta":{"postBodyCss":"","postBodyMargin":[],"postBodyPadding":[],"postBodyBackground":{"backgroundType":"classic","gradient":""},"footnotes":""},"class_list":["post-801","page","type-page","status-publish","hentry"],"_links":{"self":[{"href":"https:\/\/avocatelannouni.com\/ar\/wp-json\/wp\/v2\/pages\/801","targetHints":{"allow":["GET"]}}],"collection":[{"href":"https:\/\/avocatelannouni.com\/ar\/wp-json\/wp\/v2\/pages"}],"about":[{"href":"https:\/\/avocatelannouni.com\/ar\/wp-json\/wp\/v2\/types\/page"}],"author":[{"embeddable":true,"href":"https:\/\/avocatelannouni.com\/ar\/wp-json\/wp\/v2\/users\/1"}],"replies":[{"embeddable":true,"href":"https:\/\/avocatelannouni.com\/ar\/wp-json\/wp\/v2\/comments?post=801"}],"version-history":[{"count":10,"href":"https:\/\/avocatelannouni.com\/ar\/wp-json\/wp\/v2\/pages\/801\/revisions"}],"predecessor-version":[{"id":987994,"href":"https:\/\/avocatelannouni.com\/ar\/wp-json\/wp\/v2\/pages\/801\/revisions\/987994"}],"wp:attachment":[{"href":"https:\/\/avocatelannouni.com\/ar\/wp-json\/wp\/v2\/media?parent=801"}],"curies":[{"name":"wp","href":"https:\/\/api.w.org\/{rel}","templated":true}]}}