{"id":66,"date":"2021-08-29T02:58:28","date_gmt":"2021-08-29T02:58:28","guid":{"rendered":"https:\/\/wpocean.com\/wp\/canun\/?page_id=66"},"modified":"2026-02-17T11:16:41","modified_gmt":"2026-02-17T11:16:41","slug":"contact","status":"publish","type":"page","link":"https:\/\/avocatelannouni.com\/ar\/contact\/","title":{"rendered":"\u062a\u0648\u0627\u0635\u0644 \u0645\u0639\u0646\u0627"},"content":{"rendered":"<div data-elementor-type=\"wp-page\" data-elementor-id=\"66\" class=\"elementor elementor-66\">\n\t\t\t\t\t\t<section class=\"elementor-section elementor-top-section elementor-element elementor-element-b2971df elementor-section-full_width elementor-section-height-default elementor-section-height-default\" data-id=\"b2971df\" data-element_type=\"section\" data-e-type=\"section\" data-settings=\"{&quot;background_background&quot;:&quot;classic&quot;}\">\n\t\t\t\t\t\t<div class=\"elementor-container elementor-column-gap-no\">\n\t\t\t\t\t<div class=\"elementor-column elementor-col-100 elementor-top-column elementor-element elementor-element-5dad783\" data-id=\"5dad783\" data-element_type=\"column\" data-e-type=\"column\">\n\t\t\t<div class=\"elementor-widget-wrap elementor-element-populated\">\n\t\t\t\t\t\t<div class=\"elementor-element elementor-element-668fb98 elementor-widget elementor-widget-heading\" data-id=\"668fb98\" data-element_type=\"widget\" data-e-type=\"widget\" data-widget_type=\"heading.default\">\n\t\t\t\t<div class=\"elementor-widget-container\">\n\t\t\t\t\t<h2 class=\"elementor-heading-title elementor-size-default\">\u062a\u0648\u0627\u0635\u0644 \u0645\u0639\u0646\u0627<\/h2>\t\t\t\t<\/div>\n\t\t\t\t<\/div>\n\t\t\t\t<div class=\"elementor-element elementor-element-e94ba5b elementor-widget elementor-widget-text-editor\" data-id=\"e94ba5b\" data-element_type=\"widget\" data-e-type=\"widget\" data-widget_type=\"text-editor.default\">\n\t\t\t\t<div class=\"elementor-widget-container\">\n\t\t\t\t\t\t\t\t\t<p data-start=\"91\" data-end=\"132\"><strong data-start=\"91\" data-end=\"132\">\u0645\u0643\u062a\u0628 \u0627\u0644\u0623\u0633\u062a\u0627\u0630 \u0639\u0628\u062f\u0627\u0644\u0644\u0647 \u0627\u0644\u0639\u0646\u0648\u0646\u064a<\/strong><\/p>\t\t\t\t\t\t\t\t<\/div>\n\t\t\t\t<\/div>\n\t\t\t\t\t<\/div>\n\t\t<\/div>\n\t\t\t\t\t<\/div>\n\t\t<\/section>\n\t\t\t\t<section class=\"elementor-section elementor-top-section elementor-element elementor-element-ddf7e6c elementor-section-boxed elementor-section-height-default elementor-section-height-default\" data-id=\"ddf7e6c\" data-element_type=\"section\" data-e-type=\"section\">\n\t\t\t\t\t\t<div class=\"elementor-container elementor-column-gap-no\">\n\t\t\t\t\t<div class=\"elementor-column elementor-col-100 elementor-top-column elementor-element elementor-element-7cf4d3b\" data-id=\"7cf4d3b\" data-element_type=\"column\" data-e-type=\"column\">\n\t\t\t<div class=\"elementor-widget-wrap elementor-element-populated\">\n\t\t\t\t\t\t<div class=\"elementor-element elementor-element-a49f620 elementor-widget elementor-widget-wpo-canun_contact_form\" data-id=\"a49f620\" data-element_type=\"widget\" data-e-type=\"widget\" data-widget_type=\"wpo-canun_contact_form.default\">\n\t\t\t\t<div class=\"elementor-widget-container\">\n\t\t\t\t\t\t\t<div class=\"wpo-contact-pg-section\">\n\t\t\t<div class=\"container\">\n\t\t\t\t<div class=\"row\">\n\t\t\t\t\t<div class=\"col col-lg-10 offset-lg-1\">\n\t\t\t\t\t\t<div class=\"wpo-contact-title\">\n\t\t\t\t\t\t\t<h2>\u0627\u0633\u062a\u0634\u0627\u0631\u0629 \u0642\u0627\u0646\u0648\u0646\u064a\u0629 \u060c \u0628\u0643\u0644 \u0633\u0631\u064a\u0629 \u0648\u0627\u062d\u062a\u0631\u0627\u0641\u064a\u0629<\/h2><p>\u0647\u0644 \u0644\u062f\u064a\u0643 \u0642\u0636\u064a\u0629 \u0642\u0627\u0646\u0648\u0646\u064a\u0629 \u0648\u062a\u0628\u062d\u062b \u0639\u0646 \u062a\u0648\u062c\u064a\u0647 \u0623\u0648\u0644\u064a\u061f \u0627\u0645\u0644\u0623 \u0627\u0644\u0645\u0639\u0644\u0648\u0645\u0627\u062a \u0623\u062f\u0646\u0627\u0647 \u0648\u0633\u0646\u062a\u0648\u0627\u0635\u0644 \u0645\u0639\u0643 \u0641\u064a \u0623\u0642\u0631\u0628 \u0648\u0642\u062a.<\/p>\t\t\t\t\t\t<\/div>\n\t\t\t\t\t\t<div class=\"wpo-contact-form-area\">\n\t\t\t\t\t\t\t\n<div class=\"wpcf7 no-js\" id=\"wpcf7-f430-o1\" lang=\"en-US\" dir=\"ltr\" data-wpcf7-id=\"430\">\n<div class=\"screen-reader-response\"><p role=\"status\" aria-live=\"polite\" aria-atomic=\"true\"><\/p> <ul><\/ul><\/div>\n<form action=\"\/ar\/wp-json\/wp\/v2\/pages\/66#wpcf7-f430-o1\" method=\"post\" class=\"wpcf7-form init\" aria-label=\"Contact form\" novalidate=\"novalidate\" data-status=\"init\" data-trp-original-action=\"\/ar\/wp-json\/wp\/v2\/pages\/66#wpcf7-f430-o1\">\n<fieldset class=\"hidden-fields-container\"><input type=\"hidden\" name=\"_wpcf7\" value=\"430\" \/><input type=\"hidden\" name=\"_wpcf7_version\" value=\"6.1.5\" \/><input type=\"hidden\" name=\"_wpcf7_locale\" value=\"en_US\" \/><input type=\"hidden\" name=\"_wpcf7_unit_tag\" value=\"wpcf7-f430-o1\" \/><input type=\"hidden\" name=\"_wpcf7_container_post\" value=\"0\" \/><input type=\"hidden\" name=\"_wpcf7_posted_data_hash\" value=\"\" \/>\n<\/fieldset>\n<div class=\"row\">\n\t<div class=\"col-lg-6\">\n\t\t<p><span class=\"wpcf7-form-control-wrap\" data-name=\"text-423\"><input size=\"40\" maxlength=\"400\" class=\"wpcf7-form-control wpcf7-text wpcf7-validates-as-required form-control\" aria-required=\"true\" aria-invalid=\"false\" placeholder=\"\u0627\u0633\u0645\u0643\" value=\"\" type=\"text\" name=\"text-423\" \/><\/span>\n\t\t<\/p>\n\t<\/div>\n\t<div class=\"col-lg-6\">\n\t\t<p><span class=\"wpcf7-form-control-wrap\" data-name=\"email-419\"><input size=\"40\" maxlength=\"400\" class=\"wpcf7-form-control wpcf7-email wpcf7-validates-as-required wpcf7-text wpcf7-validates-as-email form-control\" aria-required=\"true\" aria-invalid=\"false\" placeholder=\"\u0628\u0631\u064a\u062f\u0643 \u0627\u0644\u0625\u0644\u0643\u062a\u0631\u0648\u0646\u064a\" value=\"\" type=\"email\" name=\"email-419\" \/><\/span>\n\t\t<\/p>\n\t<\/div>\n\t<div class=\"col-lg-6\">\n\t\t<p><span class=\"wpcf7-form-control-wrap\" data-name=\"tel-570\"><input size=\"40\" maxlength=\"400\" class=\"wpcf7-form-control wpcf7-tel wpcf7-validates-as-required wpcf7-text wpcf7-validates-as-tel form-control\" aria-required=\"true\" aria-invalid=\"false\" placeholder=\"\u0647\u0627\u062a\u0641\u0643\" value=\"\" type=\"tel\" name=\"tel-570\" \/><\/span>\n\t\t<\/p>\n\t<\/div>\n\t<div class=\"col-lg-6\">\n\t\t<p><span class=\"wpcf7-form-control-wrap\" data-name=\"menu-490\"><select class=\"wpcf7-form-control wpcf7-select wpcf7-validates-as-required form-control\" aria-required=\"true\" aria-invalid=\"false\" name=\"menu-490\"><option value=\"Sujet\">Sujet<\/option><option value=\"Droit de la famille\">\u0642\u0627\u0646\u0648\u0646 \u0627\u0644\u0623\u0633\u0631\u0629<\/option><option value=\"Consultations juridiques\">\u0627\u0644\u0627\u0633\u062a\u0634\u0627\u0631\u0627\u062a \u0627\u0644\u0642\u0627\u0646\u0648\u0646\u064a\u0629<\/option><option value=\"Droit administratif\">\u0627\u0644\u0642\u0627\u0646\u0648\u0646 \u0627\u0644\u0625\u062f\u0627\u0631\u064a<\/option><option value=\"Droit p\u00e9nal\">\u0627\u0644\u0642\u0627\u0646\u0648\u0646 \u0627\u0644\u062c\u0646\u0627\u0626\u064a<\/option><option value=\"Droit civil\">\u0627\u0644\u0642\u0627\u0646\u0648\u0646 \u0627\u0644\u0645\u062f\u0646\u064a<\/option><option value=\"Droit immobilier\">\u0627\u0644\u0642\u0627\u0646\u0648\u0646 \u0627\u0644\u0639\u0642\u0627\u0631\u064a<\/option><\/select><\/span>\n\t\t<\/p>\n\t<\/div>\n\t<div class=\"fullwidth col-lg-12\">\n\t\t<p><span class=\"wpcf7-form-control-wrap\" data-name=\"textarea-512\"><textarea cols=\"40\" rows=\"10\" maxlength=\"2000\" class=\"wpcf7-form-control wpcf7-textarea wpcf7-validates-as-required form-control\" aria-required=\"true\" aria-invalid=\"false\" placeholder=\"\u0643\u064a\u0641 \u064a\u0645\u0643\u0646\u0646\u0627 \u062f\u0639\u0645\u0643\u0645\u061f\" name=\"textarea-512\"><\/textarea><\/span>\n\t\t<\/p>\n\t<\/div>\n<\/div>\n<div class=\"submit-area\">\n\t<p><input class=\"wpcf7-form-control wpcf7-submit has-spinner theme-btn\" type=\"submit\" value=\"\u0627\u062d\u0635\u0644 \u0639\u0644\u0649 \u0627\u0633\u062a\u0634\u0627\u0631\u0629 \u0642\u0627\u0646\u0648\u0646\u064a\u0629\" \/>\n\t<\/p>\n<\/div><div class=\"wpcf7-response-output\" aria-hidden=\"true\"><\/div>\n<input type=\"hidden\" name=\"trp-form-language\" value=\"ar\"\/><\/form>\n<\/div>\n\t\t\t\t\t\t<\/div>\n\t\t\t\t\t<\/div>\n\t\t\t\t<\/div>\n\t\t\t<\/div> <!-- end container -->\n\t\t<\/div>\n\t\t\t\t<\/div>\n\t\t\t\t<\/div>\n\t\t\t\t\t<\/div>\n\t\t<\/div>\n\t\t\t\t\t<\/div>\n\t\t<\/section>\n\t\t\t\t<section class=\"elementor-section elementor-top-section elementor-element elementor-element-a0340b3 elementor-section-boxed elementor-section-height-default elementor-section-height-default\" data-id=\"a0340b3\" data-element_type=\"section\" data-e-type=\"section\">\n\t\t\t\t\t\t<div class=\"elementor-container elementor-column-gap-default\">\n\t\t\t\t\t<div class=\"elementor-column elementor-col-50 elementor-top-column elementor-element elementor-element-7794bb2\" data-id=\"7794bb2\" data-element_type=\"column\" data-e-type=\"column\">\n\t\t\t<div class=\"elementor-widget-wrap elementor-element-populated\">\n\t\t\t\t\t\t<div class=\"elementor-element elementor-element-fc0cac0 elementor-widget elementor-widget-heading\" data-id=\"fc0cac0\" data-element_type=\"widget\" data-e-type=\"widget\" data-widget_type=\"heading.default\">\n\t\t\t\t<div class=\"elementor-widget-container\">\n\t\t\t\t\t<h2 class=\"elementor-heading-title elementor-size-default\">\u0627\u062a\u0635\u0644 \u0628\u0646\u0627<\/h2>\t\t\t\t<\/div>\n\t\t\t\t<\/div>\n\t\t\t\t<div class=\"elementor-element elementor-element-f8b073c elementor-widget elementor-widget-text-editor\" data-id=\"f8b073c\" data-element_type=\"widget\" data-e-type=\"widget\" data-widget_type=\"text-editor.default\">\n\t\t\t\t<div class=\"elementor-widget-container\">\n\t\t\t\t\t\t\t\t\t<p data-start=\"385\" data-end=\"558\">\u064a\u0633\u0639\u062f\u0646\u0627 \u062a\u0648\u0627\u0635\u0644\u0643\u0645 \u0645\u0639\u0646\u0627 \u0641\u064a \u0623\u064a \u0648\u0642\u062a. \u0633\u0648\u0627\u0621 \u0643\u0627\u0646\u062a \u0644\u062f\u064a\u0643\u0645 \u0627\u0633\u062a\u0641\u0633\u0627\u0631\u0627\u062a \u0642\u0627\u0646\u0648\u0646\u064a\u0629\u060c\u0623\u0648 \u062a\u062d\u062a\u0627\u062c\u0648\u0646 \u0625\u0644\u0649 \u062a\u0648\u0636\u064a\u062d\u0627\u062a \u062d\u0648\u0644 \u062e\u062f\u0645\u0627\u062a\u0646\u0627\u060c \u0641\u0625\u0646 \u0641\u0631\u064a\u0642\u0646\u0627 \u0645\u0633\u062a\u0639\u062f \u0644\u062a\u0642\u062f\u064a\u0645 \u0627\u0644\u0645\u0633\u0627\u0639\u062f\u0629.<\/p>\t\t\t\t\t\t\t\t<\/div>\n\t\t\t\t<\/div>\n\t\t\t\t<div class=\"elementor-element elementor-element-0139fa5 elementor-icon-list--layout-traditional elementor-list-item-link-full_width elementor-widget elementor-widget-icon-list\" data-id=\"0139fa5\" data-element_type=\"widget\" data-e-type=\"widget\" data-widget_type=\"icon-list.default\">\n\t\t\t\t<div class=\"elementor-widget-container\">\n\t\t\t\t\t\t\t<ul class=\"elementor-icon-list-items\">\n\t\t\t\t\t\t\t<li class=\"elementor-icon-list-item\">\n\t\t\t\t\t\t\t\t\t\t\t<span class=\"elementor-icon-list-icon\">\n\t\t\t\t\t\t\t<i aria-hidden=\"true\" class=\"fas fa-location-arrow\"><\/i>\t\t\t\t\t\t<\/span>\n\t\t\t\t\t\t\t\t\t\t<span class=\"elementor-icon-list-text\">\u0627\u0644\u0637\u0627\u0628\u0642 \u0627\u0644\u0623\u0648\u0644 \u0625\u0642\u0627\u0645\u0629 \u0646\u062c\u0627\u0629 5 \u0634\u0627\u0631\u0639 20 \u063a\u0634\u062a \u062d\u064a \u0627\u0644\u0633\u0644\u0627\u0645 \u060c\u0633\u0644\u0627<\/span>\n\t\t\t\t\t\t\t\t\t<\/li>\n\t\t\t\t\t\t\t\t<li class=\"elementor-icon-list-item\">\n\t\t\t\t\t\t\t\t\t\t\t<span class=\"elementor-icon-list-icon\">\n\t\t\t\t\t\t\t<i aria-hidden=\"true\" class=\"fas fa-mail-bulk\"><\/i>\t\t\t\t\t\t<\/span>\n\t\t\t\t\t\t\t\t\t\t<span class=\"elementor-icon-list-text\">contact@avocatelannouni.com<\/span>\n\t\t\t\t\t\t\t\t\t<\/li>\n\t\t\t\t\t\t\t\t<li class=\"elementor-icon-list-item\">\n\t\t\t\t\t\t\t\t\t\t\t<span class=\"elementor-icon-list-icon\">\n\t\t\t\t\t\t\t<i aria-hidden=\"true\" class=\"fas fa-phone-alt\"><\/i>\t\t\t\t\t\t<\/span>\n\t\t\t\t\t\t\t\t\t\t<span class=\"elementor-icon-list-text\">+212.66.19.32.634 \/ +212.62.25.63.354<\/span>\n\t\t\t\t\t\t\t\t\t<\/li>\n\t\t\t\t\t\t<\/ul>\n\t\t\t\t\t\t<\/div>\n\t\t\t\t<\/div>\n\t\t\t\t\t<\/div>\n\t\t<\/div>\n\t\t\t\t<div class=\"elementor-column elementor-col-50 elementor-top-column elementor-element elementor-element-d2d0999\" data-id=\"d2d0999\" data-element_type=\"column\" data-e-type=\"column\">\n\t\t\t<div class=\"elementor-widget-wrap elementor-element-populated\">\n\t\t\t\t\t\t<div class=\"elementor-element elementor-element-fddd9b5 elementor-widget elementor-widget-google_maps\" data-id=\"fddd9b5\" data-element_type=\"widget\" data-e-type=\"widget\" data-widget_type=\"google_maps.default\">\n\t\t\t\t<div class=\"elementor-widget-container\">\n\t\t\t\t\t\t\t<div class=\"elementor-custom-embed\">\n\t\t\t<iframe loading=\"lazy\"\n\t\t\t\t\tsrc=\"https:\/\/maps.google.com\/maps?q=%20%20%D9%85%D9%83%D8%AA%D8%A8%20%D8%A7%D9%84%D9%85%D8%AD%D8%A7%D9%85%D9%8A%20%D8%B9%D8%A8%D8%AF%20%D8%A7%D9%84%D9%84%D9%87%20%D8%A7%D9%84%D8%B9%D9%86%D9%88%D9%86%D9%8A%20%D8%B3%D9%84%D8%A7%20Ma%C3%AEtre%20ABDELLAH%20EL%20ANNOUNI&#038;t=m&#038;z=14&#038;output=embed&#038;iwloc=near\"\n\t\t\t\t\ttitle=\"  \u0645\u0643\u062a\u0628 \u0627\u0644\u0645\u062d\u0627\u0645\u064a \u0639\u0628\u062f \u0627\u0644\u0644\u0647 \u0627\u0644\u0639\u0646\u0648\u0646\u064a \u0633\u0644\u0627 Ma\u00eetre ABDELLAH EL ANNOUNI\"\n\t\t\t\t\taria-label=\"  \u0645\u0643\u062a\u0628 \u0627\u0644\u0645\u062d\u0627\u0645\u064a \u0639\u0628\u062f \u0627\u0644\u0644\u0647 \u0627\u0644\u0639\u0646\u0648\u0646\u064a \u0633\u0644\u0627 Ma\u00eetre ABDELLAH EL ANNOUNI\"\n\t\t\t><\/iframe>\n\t\t<\/div>\n\t\t\t\t\t\t<\/div>\n\t\t\t\t<\/div>\n\t\t\t\t\t<\/div>\n\t\t<\/div>\n\t\t\t\t\t<\/div>\n\t\t<\/section>\n\t\t\t\t<\/div>\n\t\t\n    <div class=\"xs_social_share_widget xs_share_url after_content \t\tmain_content  wslu-style-1 wslu-share-box-shaped wslu-fill-colored wslu-none wslu-share-horizontal wslu-theme-font-no wslu-main_content\">\n\n\t\t\n        <ul>\n\t\t\t        <\/ul>\n    <\/div>","protected":false},"excerpt":{"rendered":"Contactez-nous Cabinet de Ma\u00eetre Abdellah El Announi Consultation juridique, en toute confidentialit\u00e9 et professionnalisme Vous avez une affaire juridique et recherchez une orientation initiale ? Remplissez les informations ci-dessous et nous vous contacterons dans les plus brefs d\u00e9lais. SujetDroit de la familleConsultations juridiquesDroit administratifDroit p\u00e9nalDroit civilDroit immobilier Nous contacter Le cabinet reste disponible pour r\u00e9pondre","protected":false},"author":1,"featured_media":0,"parent":0,"menu_order":0,"comment_status":"closed","ping_status":"closed","template":"elementor_header_footer","meta":{"postBodyCss":"","postBodyMargin":[],"postBodyPadding":[],"postBodyBackground":{"backgroundType":"classic","gradient":""},"footnotes":""},"class_list":["post-66","page","type-page","status-publish","hentry"],"_links":{"self":[{"href":"https:\/\/avocatelannouni.com\/ar\/wp-json\/wp\/v2\/pages\/66","targetHints":{"allow":["GET"]}}],"collection":[{"href":"https:\/\/avocatelannouni.com\/ar\/wp-json\/wp\/v2\/pages"}],"about":[{"href":"https:\/\/avocatelannouni.com\/ar\/wp-json\/wp\/v2\/types\/page"}],"author":[{"embeddable":true,"href":"https:\/\/avocatelannouni.com\/ar\/wp-json\/wp\/v2\/users\/1"}],"replies":[{"embeddable":true,"href":"https:\/\/avocatelannouni.com\/ar\/wp-json\/wp\/v2\/comments?post=66"}],"version-history":[{"count":12,"href":"https:\/\/avocatelannouni.com\/ar\/wp-json\/wp\/v2\/pages\/66\/revisions"}],"predecessor-version":[{"id":988058,"href":"https:\/\/avocatelannouni.com\/ar\/wp-json\/wp\/v2\/pages\/66\/revisions\/988058"}],"wp:attachment":[{"href":"https:\/\/avocatelannouni.com\/ar\/wp-json\/wp\/v2\/media?parent=66"}],"curies":[{"name":"wp","href":"https:\/\/api.w.org\/{rel}","templated":true}]}}